{"id":642,"date":"2020-03-25T17:06:55","date_gmt":"2020-03-25T20:06:55","guid":{"rendered":"https:\/\/electrovision.com.ar\/?page_id=642"},"modified":"2020-04-06T00:54:59","modified_gmt":"2020-04-06T03:54:59","slug":"quienes-somos","status":"publish","type":"page","link":"https:\/\/electrovision.com.ar\/index.php\/quienes-somos\/","title":{"rendered":"Quienes Somos"},"content":{"rendered":"\n<div class=\"wp-block-columns is-layout-flex wp-container-core-columns-is-layout-9d6595d7 wp-block-columns-is-layout-flex\">\n<div class=\"wp-block-column is-vertically-aligned-center is-layout-flow wp-block-column-is-layout-flow\" style=\"flex-basis:66.66%\">\n<p class=\"has-text-align-left\">\u00a0\u00a0Nuestra empresa tiene m\u00e1s de 12 a\u00f1os de experiencia en el medio, comercializando productos electr\u00f3nicos y brindando servicios al gremio, pymes, entidades p\u00fablicas y privadas y clientes particulares con \u00f3ptimos resultados gracias a los cuales hemos logrado posicionarnos como una opci\u00f3n altamente competitiva caracterizada por la constante innovaci\u00f3n.<br><\/p>\n<\/div>\n\n\n\n<div class=\"wp-block-column is-vertically-aligned-center is-layout-flow wp-block-column-is-layout-flow\" style=\"flex-basis:33.33%\">\n<figure class=\"wp-block-image size-large\"><img decoding=\"async\" src=\"https:\/\/electrovision.com.ar\/wp-content\/uploads\/2020\/04\/IMG-20200402-WA0022-1024x768.jpg\" alt=\"\" class=\"wp-image-2562\"\/><\/figure>\n<\/div>\n<\/div>\n\n\n\n<p><strong>NUESTROS CLIENTES<\/strong><\/p>\n\n\n\n<p>Contamos con una amplia cartera de clientes provenientes de diversos sectores p\u00fablicos y privados, tales como telecomunicaciones, compa\u00f1\u00edas aseguradoras, financieras y de servicios en general.<\/p>\n\n\n\n<p><strong>NUESTROS PROFESIONALES<\/strong><\/p>\n\n\n\n<p>Nuestro equipo de profesionales posee una s\u00f3lida formaci\u00f3n acad\u00e9mica y amplia experiencia, lo que nos permite dar una pronta respuesta a nuestros clientes.<\/p>\n\n\n\n<p>Nos caracterizamos por el constante perfeccionamiento de nuestros t\u00e9cnicos quienes participan de seminarios nacionales e internacionales de electr\u00f3nica avalados por prestigiosas instituciones.<\/p>\n\n\n\n<p>Somos pioneros en la investigaci\u00f3n y el desarrollo de metodolog\u00edas de reparaci\u00f3n para equipos electr\u00f3nicos de alta gama. Por ello, impartimos seminarios de formaci\u00f3n y actualizaci\u00f3n profesional para t\u00e9cnicos electr\u00f3nicos, organizados por ATRE (Asociaci\u00f3n de T\u00e9cnicos Reparadores en Electr\u00f3nica).<\/p>\n\n\n\n<p><strong>NUESTRO LABORATORIO T\u00c9CNICO<\/strong><\/p>\n\n\n\n<p>Disponemos de un laboratorio equipado con la m\u00e1s alta tecnolog\u00eda para efectuar reballing, reflow y programaci\u00f3n.<\/p>\n\n\n\n<p>Tenemos stock de repuestos multimarcas, lo que nos posibilita solucionar problemas de forma r\u00e1pida, eficaz y econ\u00f3mica.<\/p>\n","protected":false},"excerpt":{"rendered":"<p>\u00a0\u00a0Nuestra empresa tiene m\u00e1s de 12 a\u00f1os de experiencia en el medio, comercializando productos electr\u00f3nicos y brindando servicios al gremio, pymes, entidades p\u00fablicas y privadas y clientes particulares con \u00f3ptimos resultados gracias a los cuales hemos logrado posicionarnos como una opci\u00f3n altamente competitiva caracterizada por la constante innovaci\u00f3n. NUESTROS CLIENTES Contamos con una amplia cartera&hellip;&nbsp;<a href=\"https:\/\/electrovision.com.ar\/index.php\/quienes-somos\/\" class=\"\" rel=\"bookmark\">Leer m\u00e1s &raquo;<span class=\"screen-reader-text\">Quienes Somos<\/span><\/a><\/p>\n","protected":false},"author":1,"featured_media":0,"parent":0,"menu_order":0,"comment_status":"closed","ping_status":"closed","template":"","meta":{"_monsterinsights_skip_tracking":false,"_monsterinsights_sitenote_active":false,"_monsterinsights_sitenote_note":"","_monsterinsights_sitenote_category":0,"neve_meta_sidebar":"full-width","neve_meta_container":"","neve_meta_enable_content_width":"on","neve_meta_content_width":100,"neve_meta_title_alignment":"","neve_meta_author_avatar":"","neve_post_elements_order":"","neve_meta_disable_header":"","neve_meta_disable_footer":"","neve_meta_disable_title":"","footnotes":""},"class_list":["post-642","page","type-page","status-publish","hentry"],"yoast_head":"<!-- This site is optimized with the Yoast SEO plugin v27.4 - https:\/\/yoast.com\/product\/yoast-seo-wordpress\/ -->\n<title>Quienes Somos - ElectroVision<\/title>\n<meta name=\"robots\" content=\"index, follow, max-snippet:-1, max-image-preview:large, max-video-preview:-1\" \/>\n<link rel=\"canonical\" href=\"https:\/\/electrovision.com.ar\/index.php\/quienes-somos\/\" \/>\n<meta property=\"og:locale\" content=\"es_ES\" \/>\n<meta property=\"og:type\" content=\"article\" \/>\n<meta property=\"og:title\" content=\"Quienes Somos - ElectroVision\" \/>\n<meta property=\"og:description\" content=\"\u00a0\u00a0Nuestra empresa tiene m\u00e1s de 12 a\u00f1os de experiencia en el medio, comercializando productos electr\u00f3nicos y brindando servicios al gremio, pymes, entidades p\u00fablicas y privadas y clientes particulares con \u00f3ptimos resultados gracias a los cuales hemos logrado posicionarnos como una opci\u00f3n altamente competitiva caracterizada por la constante innovaci\u00f3n. NUESTROS CLIENTES Contamos con una amplia cartera&hellip;&nbsp;Leer m\u00e1s &raquo;Quienes Somos\" \/>\n<meta property=\"og:url\" content=\"https:\/\/electrovision.com.ar\/index.php\/quienes-somos\/\" \/>\n<meta property=\"og:site_name\" content=\"ElectroVision\" \/>\n<meta property=\"article:publisher\" content=\"https:\/\/www.facebook.com\/electrovisionArg\/\" \/>\n<meta property=\"article:modified_time\" content=\"2020-04-06T03:54:59+00:00\" \/>\n<meta property=\"og:image\" content=\"https:\/\/electrovision.com.ar\/wp-content\/uploads\/2020\/04\/IMG-20200402-WA0022.jpg\" \/>\n\t<meta property=\"og:image:width\" content=\"1280\" \/>\n\t<meta property=\"og:image:height\" content=\"960\" \/>\n\t<meta property=\"og:image:type\" content=\"image\/jpeg\" \/>\n<meta name=\"twitter:card\" content=\"summary_large_image\" \/>\n<meta name=\"twitter:label1\" content=\"Tiempo de lectura\" \/>\n\t<meta name=\"twitter:data1\" content=\"1 minuto\" \/>\n<script type=\"application\/ld+json\" class=\"yoast-schema-graph\">{\"@context\":\"https:\\\/\\\/schema.org\",\"@graph\":[{\"@type\":\"WebPage\",\"@id\":\"https:\\\/\\\/electrovision.com.ar\\\/index.php\\\/quienes-somos\\\/\",\"url\":\"https:\\\/\\\/electrovision.com.ar\\\/index.php\\\/quienes-somos\\\/\",\"name\":\"Quienes Somos - ElectroVision\",\"isPartOf\":{\"@id\":\"https:\\\/\\\/electrovision.com.ar\\\/#website\"},\"primaryImageOfPage\":{\"@id\":\"https:\\\/\\\/electrovision.com.ar\\\/index.php\\\/quienes-somos\\\/#primaryimage\"},\"image\":{\"@id\":\"https:\\\/\\\/electrovision.com.ar\\\/index.php\\\/quienes-somos\\\/#primaryimage\"},\"thumbnailUrl\":\"https:\\\/\\\/electrovision.com.ar\\\/wp-content\\\/uploads\\\/2020\\\/04\\\/IMG-20200402-WA0022-1024x768.jpg\",\"datePublished\":\"2020-03-25T20:06:55+00:00\",\"dateModified\":\"2020-04-06T03:54:59+00:00\",\"breadcrumb\":{\"@id\":\"https:\\\/\\\/electrovision.com.ar\\\/index.php\\\/quienes-somos\\\/#breadcrumb\"},\"inLanguage\":\"es\",\"potentialAction\":[{\"@type\":\"ReadAction\",\"target\":[\"https:\\\/\\\/electrovision.com.ar\\\/index.php\\\/quienes-somos\\\/\"]}]},{\"@type\":\"ImageObject\",\"inLanguage\":\"es\",\"@id\":\"https:\\\/\\\/electrovision.com.ar\\\/index.php\\\/quienes-somos\\\/#primaryimage\",\"url\":\"https:\\\/\\\/electrovision.com.ar\\\/wp-content\\\/uploads\\\/2020\\\/04\\\/IMG-20200402-WA0022.jpg\",\"contentUrl\":\"https:\\\/\\\/electrovision.com.ar\\\/wp-content\\\/uploads\\\/2020\\\/04\\\/IMG-20200402-WA0022.jpg\",\"width\":1280,\"height\":960},{\"@type\":\"BreadcrumbList\",\"@id\":\"https:\\\/\\\/electrovision.com.ar\\\/index.php\\\/quienes-somos\\\/#breadcrumb\",\"itemListElement\":[{\"@type\":\"ListItem\",\"position\":1,\"name\":\"Inicio\",\"item\":\"https:\\\/\\\/electrovision.com.ar\\\/\"},{\"@type\":\"ListItem\",\"position\":2,\"name\":\"Quienes Somos\"}]},{\"@type\":\"WebSite\",\"@id\":\"https:\\\/\\\/electrovision.com.ar\\\/#website\",\"url\":\"https:\\\/\\\/electrovision.com.ar\\\/\",\"name\":\"ElectroVision\",\"description\":\"Expertos en tecnolog\u00eda que te acompa\u00f1a SIEMPRE\",\"publisher\":{\"@id\":\"https:\\\/\\\/electrovision.com.ar\\\/#organization\"},\"potentialAction\":[{\"@type\":\"SearchAction\",\"target\":{\"@type\":\"EntryPoint\",\"urlTemplate\":\"https:\\\/\\\/electrovision.com.ar\\\/?s={search_term_string}\"},\"query-input\":{\"@type\":\"PropertyValueSpecification\",\"valueRequired\":true,\"valueName\":\"search_term_string\"}}],\"inLanguage\":\"es\"},{\"@type\":\"Organization\",\"@id\":\"https:\\\/\\\/electrovision.com.ar\\\/#organization\",\"name\":\"Electro Vision\",\"url\":\"https:\\\/\\\/electrovision.com.ar\\\/\",\"logo\":{\"@type\":\"ImageObject\",\"inLanguage\":\"es\",\"@id\":\"https:\\\/\\\/electrovision.com.ar\\\/#\\\/schema\\\/logo\\\/image\\\/\",\"url\":\"https:\\\/\\\/electrovision.com.ar\\\/wp-content\\\/uploads\\\/2020\\\/03\\\/512x512.png\",\"contentUrl\":\"https:\\\/\\\/electrovision.com.ar\\\/wp-content\\\/uploads\\\/2020\\\/03\\\/512x512.png\",\"width\":512,\"height\":512,\"caption\":\"Electro Vision\"},\"image\":{\"@id\":\"https:\\\/\\\/electrovision.com.ar\\\/#\\\/schema\\\/logo\\\/image\\\/\"},\"sameAs\":[\"https:\\\/\\\/www.facebook.com\\\/electrovisionArg\\\/\",\"https:\\\/\\\/www.instagram.com\\\/electro.vision.arg\\\/\",\"https:\\\/\\\/www.youtube.com\\\/channel\\\/UCHtogE0VQL_8GytFPZNu6AA\"]}]}<\/script>\n<!-- \/ Yoast SEO plugin. -->","yoast_head_json":{"title":"Quienes Somos - ElectroVision","robots":{"index":"index","follow":"follow","max-snippet":"max-snippet:-1","max-image-preview":"max-image-preview:large","max-video-preview":"max-video-preview:-1"},"canonical":"https:\/\/electrovision.com.ar\/index.php\/quienes-somos\/","og_locale":"es_ES","og_type":"article","og_title":"Quienes Somos - ElectroVision","og_description":"\u00a0\u00a0Nuestra empresa tiene m\u00e1s de 12 a\u00f1os de experiencia en el medio, comercializando productos electr\u00f3nicos y brindando servicios al gremio, pymes, entidades p\u00fablicas y privadas y clientes particulares con \u00f3ptimos resultados gracias a los cuales hemos logrado posicionarnos como una opci\u00f3n altamente competitiva caracterizada por la constante innovaci\u00f3n. NUESTROS CLIENTES Contamos con una amplia cartera&hellip;&nbsp;Leer m\u00e1s &raquo;Quienes Somos","og_url":"https:\/\/electrovision.com.ar\/index.php\/quienes-somos\/","og_site_name":"ElectroVision","article_publisher":"https:\/\/www.facebook.com\/electrovisionArg\/","article_modified_time":"2020-04-06T03:54:59+00:00","og_image":[{"width":1280,"height":960,"url":"https:\/\/electrovision.com.ar\/wp-content\/uploads\/2020\/04\/IMG-20200402-WA0022.jpg","type":"image\/jpeg"}],"twitter_card":"summary_large_image","twitter_misc":{"Tiempo de lectura":"1 minuto"},"schema":{"@context":"https:\/\/schema.org","@graph":[{"@type":"WebPage","@id":"https:\/\/electrovision.com.ar\/index.php\/quienes-somos\/","url":"https:\/\/electrovision.com.ar\/index.php\/quienes-somos\/","name":"Quienes Somos - ElectroVision","isPartOf":{"@id":"https:\/\/electrovision.com.ar\/#website"},"primaryImageOfPage":{"@id":"https:\/\/electrovision.com.ar\/index.php\/quienes-somos\/#primaryimage"},"image":{"@id":"https:\/\/electrovision.com.ar\/index.php\/quienes-somos\/#primaryimage"},"thumbnailUrl":"https:\/\/electrovision.com.ar\/wp-content\/uploads\/2020\/04\/IMG-20200402-WA0022-1024x768.jpg","datePublished":"2020-03-25T20:06:55+00:00","dateModified":"2020-04-06T03:54:59+00:00","breadcrumb":{"@id":"https:\/\/electrovision.com.ar\/index.php\/quienes-somos\/#breadcrumb"},"inLanguage":"es","potentialAction":[{"@type":"ReadAction","target":["https:\/\/electrovision.com.ar\/index.php\/quienes-somos\/"]}]},{"@type":"ImageObject","inLanguage":"es","@id":"https:\/\/electrovision.com.ar\/index.php\/quienes-somos\/#primaryimage","url":"https:\/\/electrovision.com.ar\/wp-content\/uploads\/2020\/04\/IMG-20200402-WA0022.jpg","contentUrl":"https:\/\/electrovision.com.ar\/wp-content\/uploads\/2020\/04\/IMG-20200402-WA0022.jpg","width":1280,"height":960},{"@type":"BreadcrumbList","@id":"https:\/\/electrovision.com.ar\/index.php\/quienes-somos\/#breadcrumb","itemListElement":[{"@type":"ListItem","position":1,"name":"Inicio","item":"https:\/\/electrovision.com.ar\/"},{"@type":"ListItem","position":2,"name":"Quienes Somos"}]},{"@type":"WebSite","@id":"https:\/\/electrovision.com.ar\/#website","url":"https:\/\/electrovision.com.ar\/","name":"ElectroVision","description":"Expertos en tecnolog\u00eda que te acompa\u00f1a SIEMPRE","publisher":{"@id":"https:\/\/electrovision.com.ar\/#organization"},"potentialAction":[{"@type":"SearchAction","target":{"@type":"EntryPoint","urlTemplate":"https:\/\/electrovision.com.ar\/?s={search_term_string}"},"query-input":{"@type":"PropertyValueSpecification","valueRequired":true,"valueName":"search_term_string"}}],"inLanguage":"es"},{"@type":"Organization","@id":"https:\/\/electrovision.com.ar\/#organization","name":"Electro Vision","url":"https:\/\/electrovision.com.ar\/","logo":{"@type":"ImageObject","inLanguage":"es","@id":"https:\/\/electrovision.com.ar\/#\/schema\/logo\/image\/","url":"https:\/\/electrovision.com.ar\/wp-content\/uploads\/2020\/03\/512x512.png","contentUrl":"https:\/\/electrovision.com.ar\/wp-content\/uploads\/2020\/03\/512x512.png","width":512,"height":512,"caption":"Electro Vision"},"image":{"@id":"https:\/\/electrovision.com.ar\/#\/schema\/logo\/image\/"},"sameAs":["https:\/\/www.facebook.com\/electrovisionArg\/","https:\/\/www.instagram.com\/electro.vision.arg\/","https:\/\/www.youtube.com\/channel\/UCHtogE0VQL_8GytFPZNu6AA"]}]}},"_hostinger_reach_plugin_has_subscription_block":false,"_hostinger_reach_plugin_is_elementor":false,"_links":{"self":[{"href":"https:\/\/electrovision.com.ar\/index.php\/wp-json\/wp\/v2\/pages\/642","targetHints":{"allow":["GET"]}}],"collection":[{"href":"https:\/\/electrovision.com.ar\/index.php\/wp-json\/wp\/v2\/pages"}],"about":[{"href":"https:\/\/electrovision.com.ar\/index.php\/wp-json\/wp\/v2\/types\/page"}],"author":[{"embeddable":true,"href":"https:\/\/electrovision.com.ar\/index.php\/wp-json\/wp\/v2\/users\/1"}],"replies":[{"embeddable":true,"href":"https:\/\/electrovision.com.ar\/index.php\/wp-json\/wp\/v2\/comments?post=642"}],"version-history":[{"count":0,"href":"https:\/\/electrovision.com.ar\/index.php\/wp-json\/wp\/v2\/pages\/642\/revisions"}],"wp:attachment":[{"href":"https:\/\/electrovision.com.ar\/index.php\/wp-json\/wp\/v2\/media?parent=642"}],"curies":[{"name":"wp","href":"https:\/\/api.w.org\/{rel}","templated":true}]}}