{"id":403,"date":"2020-03-19T23:31:19","date_gmt":"2020-03-20T02:31:19","guid":{"rendered":"https:\/\/electrovision.com.ar\/?page_id=403"},"modified":"2024-06-02T14:24:53","modified_gmt":"2024-06-02T17:24:53","slug":"servicio-tecnico","status":"publish","type":"page","link":"https:\/\/electrovision.com.ar\/index.php\/servicio-tecnico\/","title":{"rendered":"Servicio T\u00e9cnico"},"content":{"rendered":"\n<p class=\"has-text-align-center\">Nos especializamos en<strong> cambios de pantalla<\/strong> , como asi tambien en micro-electr\u00f3nica  y electr\u00f3nica en TV (como Smart TV , LED , LCD , OLED , QLED y mas ) , equipos de Audio (como Torres de M\u00fasica , Minicomponentes y Parlantes ), dispositivos m\u00f3viles (como SmartPhones y Tablets ) , computadoras (como Netbook  y Notebook&#8217;s , PC de escritorios y All In One) y diferentes Consolas de Video Juegos.<\/p>\n\n\n\n<p class=\"has-text-align-center has-text-color has-medium-font-size\" style=\"color:#227100\"><strong><em>Cumpliendo con nuestros clientes desde 1997<\/em><\/strong><\/p>\n\n\n\n<p class=\"has-text-align-center\"><strong><em>Utilizamos lo ultimo en tecnolog\u00eda en medici\u00f3n  y soldado de componentes<\/em><\/strong><\/p>\n\n\n\n<div class=\"wp-block-columns are-vertically-aligned-center sombra1 is-layout-flex wp-container-core-columns-is-layout-9d6595d7 wp-block-columns-is-layout-flex\">\n<div class=\"wp-block-column is-vertically-aligned-center is-layout-flow wp-block-column-is-layout-flow\" style=\"flex-basis:66.66%\">\n<h2 class=\"has-text-align-center wp-block-heading\"><span style=\"text-decoration: underline;\"><strong><em>Reparaci\u00f3n de TV<\/em><\/strong><\/span><\/h2>\n\n\n\n<ul class=\"wp-block-list\">\n<li><strong>Cambio de display&#8217;s<\/strong><\/li>\n\n\n\n<li><strong>Programaciones de Firmware<\/strong><\/li>\n\n\n\n<li><strong>Retroiluminacion (BackLight)<\/strong><\/li>\n\n\n\n<li><strong>Testeo\/reparaci\u00f3n de Fuentes y Placas Main<\/strong><\/li>\n<\/ul>\n<\/div>\n\n\n\n<div class=\"wp-block-column is-vertically-aligned-center is-layout-flow wp-block-column-is-layout-flow\" style=\"flex-basis:33.33%\">\n<figure class=\"wp-block-image size-large is-resized is-style-rounded\"><img fetchpriority=\"high\" decoding=\"async\" src=\"https:\/\/electrovision.com.ar\/wp-content\/uploads\/2020\/04\/img-1570_orig.jpg\" alt=\"\" class=\"wp-image-3016\" width=\"267\" height=\"200\" srcset=\"https:\/\/electrovision.com.ar\/wp-content\/uploads\/2020\/04\/img-1570_orig.jpg 534w, https:\/\/electrovision.com.ar\/wp-content\/uploads\/2020\/04\/img-1570_orig-300x225.jpg 300w\" sizes=\"(max-width: 267px) 100vw, 267px\" \/><\/figure>\n\n\n\n<p><\/p>\n<\/div>\n<\/div>\n\n\n\n<div class=\"wp-block-columns sombra1 is-layout-flex wp-container-core-columns-is-layout-9d6595d7 wp-block-columns-is-layout-flex\">\n<div class=\"wp-block-column is-vertically-aligned-center is-layout-flow wp-block-column-is-layout-flow\" style=\"flex-basis:33.33%\">\n<figure class=\"wp-block-image size-large is-resized is-style-rounded\"><img decoding=\"async\" src=\"https:\/\/electrovision.com.ar\/wp-content\/uploads\/2020\/04\/laptop-repair.jpg\" alt=\"\" class=\"wp-image-3024\" width=\"288\" height=\"192\" srcset=\"https:\/\/electrovision.com.ar\/wp-content\/uploads\/2020\/04\/laptop-repair.jpg 576w, https:\/\/electrovision.com.ar\/wp-content\/uploads\/2020\/04\/laptop-repair-300x200.jpg 300w\" sizes=\"(max-width: 288px) 100vw, 288px\" \/><\/figure>\n<\/div>\n\n\n\n<div class=\"wp-block-column is-vertically-aligned-top is-layout-flow wp-block-column-is-layout-flow\" style=\"flex-basis:66.66%\">\n<h2 class=\"alignwide has-text-align-center wp-block-heading\"><span style=\"text-decoration: underline;\"><em><strong>Reparaci\u00f3n de Computadoras<\/strong><\/em><\/span><\/h2>\n\n\n\n<p class=\"has-text-align-center\">( A PC de escritorio , netbook&#8217;s , notebook&#8217;s y All In One )<\/p>\n\n\n\n<ul class=\"wp-block-list\">\n<li><strong>Reparacion de Mother<\/strong><\/li>\n\n\n\n<li><strong>Reballing<\/strong><\/li>\n\n\n\n<li><strong>Reflow<\/strong><\/li>\n\n\n\n<li><strong>Cambio de Pantalla<\/strong><\/li>\n<\/ul>\n<\/div>\n<\/div>\n\n\n\n<div class=\"wp-block-columns sombra1 is-layout-flex wp-container-core-columns-is-layout-9d6595d7 wp-block-columns-is-layout-flex\">\n<div class=\"wp-block-column is-vertically-aligned-top is-layout-flow wp-block-column-is-layout-flow\" style=\"flex-basis:66.66%\">\n<h2 class=\"has-text-align-center wp-block-heading\"><span style=\"text-decoration: underline;\"><strong><em>Servicio Especializado en Linea Blanca<\/em><\/strong><\/span><\/h2>\n\n\n\n<p class=\"has-text-align-center\">Reparacion de Heladeras , microondas ,lavarropas, aires acondicionados y demas&#8230;<\/p>\n\n\n\n<p class=\"has-text-align-center has-neve-link-hover-color-color has-text-color has-medium-font-size\"><strong>Comunicarse al 11 3855 5329<\/strong> <\/p>\n<\/div>\n\n\n\n<div class=\"wp-block-column is-vertically-aligned-top is-layout-flow wp-block-column-is-layout-flow\" style=\"flex-basis:33.33%\">\n<figure class=\"wp-block-image size-full is-style-rounded\"><img decoding=\"async\" width=\"925\" height=\"540\" src=\"https:\/\/electrovision.com.ar\/wp-content\/uploads\/2024\/06\/Las-mejores-marcas-de-electrodomesticos-en-2022-925x540-1.jpg\" alt=\"\" class=\"wp-image-5039\" srcset=\"https:\/\/electrovision.com.ar\/wp-content\/uploads\/2024\/06\/Las-mejores-marcas-de-electrodomesticos-en-2022-925x540-1.jpg 925w, https:\/\/electrovision.com.ar\/wp-content\/uploads\/2024\/06\/Las-mejores-marcas-de-electrodomesticos-en-2022-925x540-1-300x175.jpg 300w, https:\/\/electrovision.com.ar\/wp-content\/uploads\/2024\/06\/Las-mejores-marcas-de-electrodomesticos-en-2022-925x540-1-600x350.jpg 600w\" sizes=\"(max-width: 925px) 100vw, 925px\" \/><\/figure>\n\n\n\n<p><\/p>\n<\/div>\n<\/div>\n\n\n\n<h2 class=\"has-text-align-center has-text-color wp-block-heading\" style=\"color:#ff0000\"><strong>REPARAMOS TODAS LAS MARCAS<\/strong><\/h2>\n\n\n\n<hr class=\"wp-block-separator has-css-opacity\"\/>\n\n\n\n<div class=\"wp-block-buttons is-content-justification-center is-layout-flex wp-container-core-buttons-is-layout-16018d1d wp-block-buttons-is-layout-flex\">\n<div class=\"wp-block-button\"><a class=\"wp-block-button__link has-background wp-element-button\" href=\"https:\/\/electrovision.com.ar\/index.php\/contactanos\/\" style=\"background-color:#a30000\"><strong>Contactanos para mas INFORMACI\u00d3N \ud83d\ude42<\/strong><\/a><\/div>\n<\/div>\n","protected":false},"excerpt":{"rendered":"<p>Nos especializamos en cambios de pantalla , como asi tambien en micro-electr\u00f3nica y electr\u00f3nica en TV (como Smart TV , LED , LCD , OLED , QLED y mas ) , equipos de Audio (como Torres de M\u00fasica , Minicomponentes y Parlantes ), dispositivos m\u00f3viles (como SmartPhones y Tablets ) , computadoras (como Netbook y&hellip;&nbsp;<a href=\"https:\/\/electrovision.com.ar\/index.php\/servicio-tecnico\/\" class=\"\" rel=\"bookmark\">Leer m\u00e1s &raquo;<span class=\"screen-reader-text\">Servicio T\u00e9cnico<\/span><\/a><\/p>\n","protected":false},"author":1,"featured_media":0,"parent":0,"menu_order":0,"comment_status":"closed","ping_status":"closed","template":"","meta":{"_monsterinsights_skip_tracking":false,"_monsterinsights_sitenote_active":false,"_monsterinsights_sitenote_note":"","_monsterinsights_sitenote_category":0,"neve_meta_sidebar":"full-width","neve_meta_container":"full-width","neve_meta_enable_content_width":"on","neve_meta_content_width":100,"neve_meta_title_alignment":"","neve_meta_author_avatar":"","neve_post_elements_order":"","neve_meta_disable_header":"","neve_meta_disable_footer":"","neve_meta_disable_title":"","footnotes":""},"class_list":["post-403","page","type-page","status-publish","hentry"],"yoast_head":"<!-- This site is optimized with the Yoast SEO plugin v27.4 - https:\/\/yoast.com\/product\/yoast-seo-wordpress\/ -->\n<title>Servicio T\u00e9cnico - ElectroVision<\/title>\n<meta name=\"robots\" content=\"index, follow, max-snippet:-1, max-image-preview:large, max-video-preview:-1\" \/>\n<link rel=\"canonical\" href=\"https:\/\/electrovision.com.ar\/index.php\/servicio-tecnico\/\" \/>\n<meta property=\"og:locale\" content=\"es_ES\" \/>\n<meta property=\"og:type\" content=\"article\" \/>\n<meta property=\"og:title\" content=\"Servicio T\u00e9cnico - ElectroVision\" \/>\n<meta property=\"og:description\" content=\"Nos especializamos en cambios de pantalla , como asi tambien en micro-electr\u00f3nica y electr\u00f3nica en TV (como Smart TV , LED , LCD , OLED , QLED y mas ) , equipos de Audio (como Torres de M\u00fasica , Minicomponentes y Parlantes ), dispositivos m\u00f3viles (como SmartPhones y Tablets ) , computadoras (como Netbook y&hellip;&nbsp;Leer m\u00e1s &raquo;Servicio T\u00e9cnico\" \/>\n<meta property=\"og:url\" content=\"https:\/\/electrovision.com.ar\/index.php\/servicio-tecnico\/\" \/>\n<meta property=\"og:site_name\" content=\"ElectroVision\" \/>\n<meta property=\"article:publisher\" content=\"https:\/\/www.facebook.com\/electrovisionArg\/\" \/>\n<meta property=\"article:modified_time\" content=\"2024-06-02T17:24:53+00:00\" \/>\n<meta property=\"og:image\" content=\"https:\/\/electrovision.com.ar\/wp-content\/uploads\/2020\/04\/img-1570_orig.jpg\" \/>\n<meta name=\"twitter:card\" content=\"summary_large_image\" \/>\n<meta name=\"twitter:label1\" content=\"Tiempo de lectura\" \/>\n\t<meta name=\"twitter:data1\" content=\"2 minutos\" \/>\n<script type=\"application\/ld+json\" class=\"yoast-schema-graph\">{\"@context\":\"https:\\\/\\\/schema.org\",\"@graph\":[{\"@type\":\"WebPage\",\"@id\":\"https:\\\/\\\/electrovision.com.ar\\\/index.php\\\/servicio-tecnico\\\/\",\"url\":\"https:\\\/\\\/electrovision.com.ar\\\/index.php\\\/servicio-tecnico\\\/\",\"name\":\"Servicio T\u00e9cnico - ElectroVision\",\"isPartOf\":{\"@id\":\"https:\\\/\\\/electrovision.com.ar\\\/#website\"},\"primaryImageOfPage\":{\"@id\":\"https:\\\/\\\/electrovision.com.ar\\\/index.php\\\/servicio-tecnico\\\/#primaryimage\"},\"image\":{\"@id\":\"https:\\\/\\\/electrovision.com.ar\\\/index.php\\\/servicio-tecnico\\\/#primaryimage\"},\"thumbnailUrl\":\"https:\\\/\\\/electrovision.com.ar\\\/wp-content\\\/uploads\\\/2020\\\/04\\\/img-1570_orig.jpg\",\"datePublished\":\"2020-03-20T02:31:19+00:00\",\"dateModified\":\"2024-06-02T17:24:53+00:00\",\"breadcrumb\":{\"@id\":\"https:\\\/\\\/electrovision.com.ar\\\/index.php\\\/servicio-tecnico\\\/#breadcrumb\"},\"inLanguage\":\"es\",\"potentialAction\":[{\"@type\":\"ReadAction\",\"target\":[\"https:\\\/\\\/electrovision.com.ar\\\/index.php\\\/servicio-tecnico\\\/\"]}]},{\"@type\":\"ImageObject\",\"inLanguage\":\"es\",\"@id\":\"https:\\\/\\\/electrovision.com.ar\\\/index.php\\\/servicio-tecnico\\\/#primaryimage\",\"url\":\"https:\\\/\\\/electrovision.com.ar\\\/wp-content\\\/uploads\\\/2020\\\/04\\\/img-1570_orig.jpg\",\"contentUrl\":\"https:\\\/\\\/electrovision.com.ar\\\/wp-content\\\/uploads\\\/2020\\\/04\\\/img-1570_orig.jpg\",\"width\":534,\"height\":400},{\"@type\":\"BreadcrumbList\",\"@id\":\"https:\\\/\\\/electrovision.com.ar\\\/index.php\\\/servicio-tecnico\\\/#breadcrumb\",\"itemListElement\":[{\"@type\":\"ListItem\",\"position\":1,\"name\":\"Inicio\",\"item\":\"https:\\\/\\\/electrovision.com.ar\\\/\"},{\"@type\":\"ListItem\",\"position\":2,\"name\":\"Servicio T\u00e9cnico\"}]},{\"@type\":\"WebSite\",\"@id\":\"https:\\\/\\\/electrovision.com.ar\\\/#website\",\"url\":\"https:\\\/\\\/electrovision.com.ar\\\/\",\"name\":\"ElectroVision\",\"description\":\"Expertos en tecnolog\u00eda que te acompa\u00f1a SIEMPRE\",\"publisher\":{\"@id\":\"https:\\\/\\\/electrovision.com.ar\\\/#organization\"},\"potentialAction\":[{\"@type\":\"SearchAction\",\"target\":{\"@type\":\"EntryPoint\",\"urlTemplate\":\"https:\\\/\\\/electrovision.com.ar\\\/?s={search_term_string}\"},\"query-input\":{\"@type\":\"PropertyValueSpecification\",\"valueRequired\":true,\"valueName\":\"search_term_string\"}}],\"inLanguage\":\"es\"},{\"@type\":\"Organization\",\"@id\":\"https:\\\/\\\/electrovision.com.ar\\\/#organization\",\"name\":\"Electro Vision\",\"url\":\"https:\\\/\\\/electrovision.com.ar\\\/\",\"logo\":{\"@type\":\"ImageObject\",\"inLanguage\":\"es\",\"@id\":\"https:\\\/\\\/electrovision.com.ar\\\/#\\\/schema\\\/logo\\\/image\\\/\",\"url\":\"https:\\\/\\\/electrovision.com.ar\\\/wp-content\\\/uploads\\\/2020\\\/03\\\/512x512.png\",\"contentUrl\":\"https:\\\/\\\/electrovision.com.ar\\\/wp-content\\\/uploads\\\/2020\\\/03\\\/512x512.png\",\"width\":512,\"height\":512,\"caption\":\"Electro Vision\"},\"image\":{\"@id\":\"https:\\\/\\\/electrovision.com.ar\\\/#\\\/schema\\\/logo\\\/image\\\/\"},\"sameAs\":[\"https:\\\/\\\/www.facebook.com\\\/electrovisionArg\\\/\",\"https:\\\/\\\/www.instagram.com\\\/electro.vision.arg\\\/\",\"https:\\\/\\\/www.youtube.com\\\/channel\\\/UCHtogE0VQL_8GytFPZNu6AA\"]}]}<\/script>\n<!-- \/ Yoast SEO plugin. -->","yoast_head_json":{"title":"Servicio T\u00e9cnico - ElectroVision","robots":{"index":"index","follow":"follow","max-snippet":"max-snippet:-1","max-image-preview":"max-image-preview:large","max-video-preview":"max-video-preview:-1"},"canonical":"https:\/\/electrovision.com.ar\/index.php\/servicio-tecnico\/","og_locale":"es_ES","og_type":"article","og_title":"Servicio T\u00e9cnico - ElectroVision","og_description":"Nos especializamos en cambios de pantalla , como asi tambien en micro-electr\u00f3nica y electr\u00f3nica en TV (como Smart TV , LED , LCD , OLED , QLED y mas ) , equipos de Audio (como Torres de M\u00fasica , Minicomponentes y Parlantes ), dispositivos m\u00f3viles (como SmartPhones y Tablets ) , computadoras (como Netbook y&hellip;&nbsp;Leer m\u00e1s &raquo;Servicio T\u00e9cnico","og_url":"https:\/\/electrovision.com.ar\/index.php\/servicio-tecnico\/","og_site_name":"ElectroVision","article_publisher":"https:\/\/www.facebook.com\/electrovisionArg\/","article_modified_time":"2024-06-02T17:24:53+00:00","og_image":[{"url":"https:\/\/electrovision.com.ar\/wp-content\/uploads\/2020\/04\/img-1570_orig.jpg","type":"","width":"","height":""}],"twitter_card":"summary_large_image","twitter_misc":{"Tiempo de lectura":"2 minutos"},"schema":{"@context":"https:\/\/schema.org","@graph":[{"@type":"WebPage","@id":"https:\/\/electrovision.com.ar\/index.php\/servicio-tecnico\/","url":"https:\/\/electrovision.com.ar\/index.php\/servicio-tecnico\/","name":"Servicio T\u00e9cnico - ElectroVision","isPartOf":{"@id":"https:\/\/electrovision.com.ar\/#website"},"primaryImageOfPage":{"@id":"https:\/\/electrovision.com.ar\/index.php\/servicio-tecnico\/#primaryimage"},"image":{"@id":"https:\/\/electrovision.com.ar\/index.php\/servicio-tecnico\/#primaryimage"},"thumbnailUrl":"https:\/\/electrovision.com.ar\/wp-content\/uploads\/2020\/04\/img-1570_orig.jpg","datePublished":"2020-03-20T02:31:19+00:00","dateModified":"2024-06-02T17:24:53+00:00","breadcrumb":{"@id":"https:\/\/electrovision.com.ar\/index.php\/servicio-tecnico\/#breadcrumb"},"inLanguage":"es","potentialAction":[{"@type":"ReadAction","target":["https:\/\/electrovision.com.ar\/index.php\/servicio-tecnico\/"]}]},{"@type":"ImageObject","inLanguage":"es","@id":"https:\/\/electrovision.com.ar\/index.php\/servicio-tecnico\/#primaryimage","url":"https:\/\/electrovision.com.ar\/wp-content\/uploads\/2020\/04\/img-1570_orig.jpg","contentUrl":"https:\/\/electrovision.com.ar\/wp-content\/uploads\/2020\/04\/img-1570_orig.jpg","width":534,"height":400},{"@type":"BreadcrumbList","@id":"https:\/\/electrovision.com.ar\/index.php\/servicio-tecnico\/#breadcrumb","itemListElement":[{"@type":"ListItem","position":1,"name":"Inicio","item":"https:\/\/electrovision.com.ar\/"},{"@type":"ListItem","position":2,"name":"Servicio T\u00e9cnico"}]},{"@type":"WebSite","@id":"https:\/\/electrovision.com.ar\/#website","url":"https:\/\/electrovision.com.ar\/","name":"ElectroVision","description":"Expertos en tecnolog\u00eda que te acompa\u00f1a SIEMPRE","publisher":{"@id":"https:\/\/electrovision.com.ar\/#organization"},"potentialAction":[{"@type":"SearchAction","target":{"@type":"EntryPoint","urlTemplate":"https:\/\/electrovision.com.ar\/?s={search_term_string}"},"query-input":{"@type":"PropertyValueSpecification","valueRequired":true,"valueName":"search_term_string"}}],"inLanguage":"es"},{"@type":"Organization","@id":"https:\/\/electrovision.com.ar\/#organization","name":"Electro Vision","url":"https:\/\/electrovision.com.ar\/","logo":{"@type":"ImageObject","inLanguage":"es","@id":"https:\/\/electrovision.com.ar\/#\/schema\/logo\/image\/","url":"https:\/\/electrovision.com.ar\/wp-content\/uploads\/2020\/03\/512x512.png","contentUrl":"https:\/\/electrovision.com.ar\/wp-content\/uploads\/2020\/03\/512x512.png","width":512,"height":512,"caption":"Electro Vision"},"image":{"@id":"https:\/\/electrovision.com.ar\/#\/schema\/logo\/image\/"},"sameAs":["https:\/\/www.facebook.com\/electrovisionArg\/","https:\/\/www.instagram.com\/electro.vision.arg\/","https:\/\/www.youtube.com\/channel\/UCHtogE0VQL_8GytFPZNu6AA"]}]}},"_hostinger_reach_plugin_has_subscription_block":false,"_hostinger_reach_plugin_is_elementor":false,"_links":{"self":[{"href":"https:\/\/electrovision.com.ar\/index.php\/wp-json\/wp\/v2\/pages\/403","targetHints":{"allow":["GET"]}}],"collection":[{"href":"https:\/\/electrovision.com.ar\/index.php\/wp-json\/wp\/v2\/pages"}],"about":[{"href":"https:\/\/electrovision.com.ar\/index.php\/wp-json\/wp\/v2\/types\/page"}],"author":[{"embeddable":true,"href":"https:\/\/electrovision.com.ar\/index.php\/wp-json\/wp\/v2\/users\/1"}],"replies":[{"embeddable":true,"href":"https:\/\/electrovision.com.ar\/index.php\/wp-json\/wp\/v2\/comments?post=403"}],"version-history":[{"count":0,"href":"https:\/\/electrovision.com.ar\/index.php\/wp-json\/wp\/v2\/pages\/403\/revisions"}],"wp:attachment":[{"href":"https:\/\/electrovision.com.ar\/index.php\/wp-json\/wp\/v2\/media?parent=403"}],"curies":[{"name":"wp","href":"https:\/\/api.w.org\/{rel}","templated":true}]}}